{"id":6,"date":"2025-09-26T03:17:30","date_gmt":"2025-09-26T03:17:30","guid":{"rendered":"https:\/\/phuquocgo.com\/vi\/?page_id=6"},"modified":"2025-09-26T03:29:03","modified_gmt":"2025-09-26T03:29:03","slug":"trang-chu","status":"publish","type":"page","link":"https:\/\/phuquocgo.com\/vi\/","title":{"rendered":"Trang ch\u1ee7"},"content":{"rendered":"\n\n  <div class=\"banner has-hover has-video is-full-height\" id=\"banner-768429524\">\n          <div class=\"banner-inner fill\">\n        <div class=\"banner-bg fill\" >\n            <img loading=\"lazy\" decoding=\"async\" width=\"2560\" height=\"1280\" src=\"https:\/\/phuquocgo.com\/vi\/wp-content\/uploads\/2025\/09\/Phu-Quoc-Go.jpg\" class=\"bg attachment-original size-original\" alt=\"\" \/>            \t<div class=\"video-overlay no-click fill visible\"><\/div>\n\t<video class=\"video-bg fill visible\" preload playsinline autoplay muted loop>\n\t\t<source src=\"https:\/\/phuquocgo.com\/wp-content\/uploads\/2025\/09\/PhuQuocGo.mp4\" type=\"video\/mp4\">\t<\/video>\n                        \n                    <\/div>\n\t\t\n        <div class=\"banner-layers container\">\n            <div class=\"fill banner-link\"><\/div>            \n\n   <div id=\"text-box-1290568086\" class=\"text-box banner-layer x50 md-x50 lg-x50 y50 md-y50 lg-y50 res-text\">\n                                <div class=\"text-box-content text dark\">\n              \n              <div class=\"text-inner text-center\">\n                  \n\n<h2><strong>Phu Quoc Go<\/strong><\/h2>\n<p>\u0110\u1ebfn v\u1edbi <a href=\"https:\/\/phuquocgo.com\/\" target=\"_blank\" rel=\"noopener\"><strong>Phu Quoc Go<\/strong><\/a>, b\u1ea1n s\u1ebd b\u01b0\u1edbc v\u00e0o m\u1ed9t th\u1ebf gi\u1edbi ngh\u1ec9 d\u01b0\u1ee1ng \u0111\u00fang ngh\u0129a: h\u1ec7 th\u1ed1ng Villa, Garden House, Apartment sang tr\u1ecdng, ti\u1ec7n nghi v\u00e0 ri\u00eang t\u01b0.<\/p>\n\n              <\/div>\n           <\/div>\n                            \n<style>\n#text-box-1290568086 {\n  width: 60%;\n}\n#text-box-1290568086 .text-box-content {\n  font-size: 100%;\n}\n<\/style>\n    <\/div>\n \n\n        <\/div>\n      <\/div>\n\n            \n<style>\n#banner-768429524 {\n  padding-top: 100%;\n}\n<\/style>\n  <\/div>\n\n\n\n\n\n<div class=\"kk-star-ratings kksr-auto kksr-align-center kksr-valign-bottom\"\n    data-payload='{&quot;align&quot;:&quot;center&quot;,&quot;id&quot;:&quot;6&quot;,&quot;slug&quot;:&quot;default&quot;,&quot;valign&quot;:&quot;bottom&quot;,&quot;ignore&quot;:&quot;&quot;,&quot;reference&quot;:&quot;auto&quot;,&quot;class&quot;:&quot;&quot;,&quot;count&quot;:&quot;0&quot;,&quot;legendonly&quot;:&quot;&quot;,&quot;readonly&quot;:&quot;&quot;,&quot;score&quot;:&quot;0&quot;,&quot;starsonly&quot;:&quot;&quot;,&quot;best&quot;:&quot;5&quot;,&quot;gap&quot;:&quot;5&quot;,&quot;greet&quot;:&quot;\\u0110\\u00e1nh gi\\u00e1 page&quot;,&quot;legend&quot;:&quot;0\\\/5 - (0 b\\u00ecnh ch\\u1ecdn)&quot;,&quot;size&quot;:&quot;24&quot;,&quot;title&quot;:&quot;Trang ch\\u1ee7&quot;,&quot;width&quot;:&quot;0&quot;,&quot;_legend&quot;:&quot;{score}\\\/{best} - ({count} {votes})&quot;,&quot;font_factor&quot;:&quot;1.25&quot;}'>\n    <div class=\"kksr-rating-left\" style=\"\n    flex-grow: 1;\n    height: 1px;\n    border-bottom: 1px dashed #999;\n    margin-right: -10px;\n\tmargin-left: 20%;\"><\/div>\n\t<div class=\"kksr-rating-data\" style=\"\n    width: 125px;\n    white-space: nowrap;\n    text-align: center;\n    display: flex;\n    flex-direction: column;\n    justify-content: center;\n    flex-wrap: wrap;\n    align-items: center;\">\n\n\n        \n\n<div class=\"kksr-legend\" style=\"font-size: 19.2px; transition: .2s;\n    background-color: #fff;\n    border: 1px dashed #777;\n    height: 60px;\n    width: 60px;\n    text-align: center;\n    border-radius: 50%;\n    font-family: square721_cn_btroman,&quot;Open Sans&quot;,san-serif;\">\n        <strong class=\"kksr-score\" style=\"\n    font-size: 24px !important;\n    line-height: 60px !important;\n    padding-top: 0 !important;\n    color: #666;\n    display: block !important;\n    cursor: default;\n\tmargin-bottom: 10px;\">\n        <div class=\"kksr-icon-top\">&nbsp;<\/div>\n    <\/strong><\/div>\n\n<!--<span class=\"kksr-muted\"><\/span>-->\n<div class=\"kksr-rating-title\" style=\"\n    white-space: break-spaces;\n    word-break: break-all;\n    font-size: 12px;\n    letter-spacing: .5px;\n    color: #000;\n    line-height: 16px;\n    display: block;\n    margin-top: 10px;\n    margin-bottom: -3px;\">Article Rating<\/div>\n<div class=\"kksr-stars\" style=\"\n    display: flex;\n    flex-wrap: nowrap;\n    flex-direction: row;\n    justify-content: center;\">\n    \n<div class=\"kksr-stars-inactive\">\n            <div class=\"kksr-star\" data-star=\"1\" style=\"padding-right: 5px\">\n            \n\n<div class=\"kksr-icon\" style=\"width: 24px; height: 24px;\"><\/div>\n        <\/div>\n            <div class=\"kksr-star\" data-star=\"2\" style=\"padding-right: 5px\">\n            \n\n<div class=\"kksr-icon\" style=\"width: 24px; height: 24px;\"><\/div>\n        <\/div>\n            <div class=\"kksr-star\" data-star=\"3\" style=\"padding-right: 5px\">\n            \n\n<div class=\"kksr-icon\" style=\"width: 24px; height: 24px;\"><\/div>\n        <\/div>\n            <div class=\"kksr-star\" data-star=\"4\" style=\"padding-right: 5px\">\n            \n\n<div class=\"kksr-icon\" style=\"width: 24px; height: 24px;\"><\/div>\n        <\/div>\n            <div class=\"kksr-star\" data-star=\"5\" style=\"padding-right: 5px\">\n            \n\n<div class=\"kksr-icon\" style=\"width: 24px; height: 24px;\"><\/div>\n        <\/div>\n    <\/div>\n    \n<div class=\"kksr-stars-active\" style=\"width: 0px;\">\n            <div class=\"kksr-star\" style=\"padding-right: 5px\">\n            \n\n<div class=\"kksr-icon\" style=\"width: 24px; height: 24px;\"><\/div>\n        <\/div>\n            <div class=\"kksr-star\" style=\"padding-right: 5px\">\n            \n\n<div class=\"kksr-icon\" style=\"width: 24px; height: 24px;\"><\/div>\n        <\/div>\n            <div class=\"kksr-star\" style=\"padding-right: 5px\">\n            \n\n<div class=\"kksr-icon\" style=\"width: 24px; height: 24px;\"><\/div>\n        <\/div>\n            <div class=\"kksr-star\" style=\"padding-right: 5px\">\n            \n\n<div class=\"kksr-icon\" style=\"width: 24px; height: 24px;\"><\/div>\n        <\/div>\n            <div class=\"kksr-star\" style=\"padding-right: 5px\">\n            \n\n<div class=\"kksr-icon\" style=\"width: 24px; height: 24px;\"><\/div>\n        <\/div>\n    <\/div>\n<\/div>\n\t<\/div>\n\t<div class=\"kksr-rating-right\" style=\"\n    flex-grow: 1;\n    height: 1px;\n    border-bottom: 1px dashed #999;\n    margin-left: -10px;\n\tmargin-right: 20%;\"><\/div>\n<\/div>\n","protected":false},"excerpt":{"rendered":"","protected":false},"author":1,"featured_media":47,"parent":0,"menu_order":0,"comment_status":"closed","ping_status":"closed","template":"page-transparent-header.php","meta":{"_acf_changed":false,"footnotes":""},"class_list":["post-6","page","type-page","status-publish","has-post-thumbnail","hentry"],"acf":[],"_links":{"self":[{"href":"https:\/\/phuquocgo.com\/vi\/wp-json\/wp\/v2\/pages\/6","targetHints":{"allow":["GET"]}}],"collection":[{"href":"https:\/\/phuquocgo.com\/vi\/wp-json\/wp\/v2\/pages"}],"about":[{"href":"https:\/\/phuquocgo.com\/vi\/wp-json\/wp\/v2\/types\/page"}],"author":[{"embeddable":true,"href":"https:\/\/phuquocgo.com\/vi\/wp-json\/wp\/v2\/users\/1"}],"replies":[{"embeddable":true,"href":"https:\/\/phuquocgo.com\/vi\/wp-json\/wp\/v2\/comments?post=6"}],"version-history":[{"count":3,"href":"https:\/\/phuquocgo.com\/vi\/wp-json\/wp\/v2\/pages\/6\/revisions"}],"predecessor-version":[{"id":22,"href":"https:\/\/phuquocgo.com\/vi\/wp-json\/wp\/v2\/pages\/6\/revisions\/22"}],"wp:featuredmedia":[{"embeddable":true,"href":"https:\/\/phuquocgo.com\/vi\/wp-json\/"}],"wp:attachment":[{"href":"https:\/\/phuquocgo.com\/vi\/wp-json\/wp\/v2\/media?parent=6"}],"curies":[{"name":"wp","href":"https:\/\/api.w.org\/{rel}","templated":true}]}}